{"id":17,"date":"2021-08-29T13:19:50","date_gmt":"2021-08-29T11:19:50","guid":{"rendered":"https:\/\/nachhilfe.meinold.net\/?page_id=17"},"modified":"2021-09-03T17:12:03","modified_gmt":"2021-09-03T15:12:03","slug":"leistungen","status":"publish","type":"page","link":"https:\/\/nachhilfe.meinold.net\/?page_id=17","title":{"rendered":"Leistungen"},"content":{"rendered":"\n<p>Damit sichergestellt ist, dass der Nachhilfeunterricht f\u00fcr alle Beteiligten ein Erfolg wird, werden wir uns zun\u00e4chst einmal in einer kostenlosen Probestunde zusammensetzen. Dabei geht es neben den fachlichen Fragen auch darum zu kl\u00e4ren, ob man zueinander passt. Denn jeder Erfolg setzt auch Motivation und eine positive Lernatmosph\u00e4re voraus. <\/p>\n\n\n\n<p>Wir vereinbaren dann zun\u00e4chst einmal f\u00fcr einen festzulegenden Zeitraum einen Nachhilfeplan. Je nach Bedarf kann der Nachhilfebedarf zwischen einer Nachhilfeeinheit pro Woche und insbesondere vor Klassenarbeiten\/Klausuren\/Pr\u00fcfungen auch h\u00f6her liegen. Jede Seite hat dabei die M\u00f6glichkeit, die Zusammenarbeit jederzeit zu beenden. <\/p>\n\n\n\n<p>Die Nachhilfe kann dabei entweder bei Ihnen zu Hause oder in meinen R\u00e4umlichkeiten stattfinden. <\/p>\n\n\n\n<p>Kosten: 28 Euro\/Nachhilfeeinheit (2 Unterrichtsstunden = 1,5 Zeitstunden) + anfallende Fahrtkosten<\/p>\n\n\n\n<p>Um das fachliche Leistungsspektrum kurz zu skizzieren sei hier beispielhaft das Curriculum f\u00fcr Informatik in der gymnasialen Oberstufe meiner letzten Schule dargestellt.<\/p>\n\n\n\n<div class=\"wp-block-columns is-layout-flex wp-container-core-columns-is-layout-9d6595d7 wp-block-columns-is-layout-flex\">\n<div class=\"wp-block-column is-layout-flow wp-block-column-is-layout-flow\">\n<figure class=\"wp-block-image size-full\"><img loading=\"lazy\" decoding=\"async\" width=\"624\" height=\"599\" src=\"https:\/\/nachhilfe.meinold.net\/wp-content\/uploads\/2021\/09\/KL11.jpg\" alt=\"\" class=\"wp-image-102\" srcset=\"https:\/\/nachhilfe.meinold.net\/wp-content\/uploads\/2021\/09\/KL11.jpg 624w, https:\/\/nachhilfe.meinold.net\/wp-content\/uploads\/2021\/09\/KL11-300x288.jpg 300w\" sizes=\"auto, (max-width: 624px) 100vw, 624px\" \/><\/figure>\n<\/div>\n\n\n\n<div class=\"wp-block-column is-layout-flow wp-block-column-is-layout-flow\">\n<figure class=\"wp-block-image size-full\"><img loading=\"lazy\" decoding=\"async\" width=\"680\" height=\"512\" src=\"https:\/\/nachhilfe.meinold.net\/wp-content\/uploads\/2021\/09\/KL12.jpg\" alt=\"\" class=\"wp-image-103\" srcset=\"https:\/\/nachhilfe.meinold.net\/wp-content\/uploads\/2021\/09\/KL12.jpg 680w, https:\/\/nachhilfe.meinold.net\/wp-content\/uploads\/2021\/09\/KL12-300x226.jpg 300w\" sizes=\"auto, (max-width: 680px) 100vw, 680px\" \/><\/figure>\n<\/div>\n\n\n\n<div class=\"wp-block-column is-layout-flow wp-block-column-is-layout-flow\">\n<figure class=\"wp-block-image size-full\"><img loading=\"lazy\" decoding=\"async\" width=\"748\" height=\"539\" src=\"https:\/\/nachhilfe.meinold.net\/wp-content\/uploads\/2021\/09\/KL13.jpg\" alt=\"\" class=\"wp-image-104\" srcset=\"https:\/\/nachhilfe.meinold.net\/wp-content\/uploads\/2021\/09\/KL13.jpg 748w, https:\/\/nachhilfe.meinold.net\/wp-content\/uploads\/2021\/09\/KL13-300x216.jpg 300w\" sizes=\"auto, (max-width: 748px) 100vw, 748px\" \/><\/figure>\n<\/div>\n<\/div>\n","protected":false},"excerpt":{"rendered":"<p>Damit sichergestellt ist, dass der Nachhilfeunterricht f\u00fcr alle Beteiligten ein Erfolg wird, werden wir uns zun\u00e4chst einmal in einer kostenlosen Probestunde zusammensetzen. Dabei geht es neben den fachlichen Fragen auch darum zu kl\u00e4ren, ob man zueinander passt. Denn jeder Erfolg setzt auch Motivation und eine positive Lernatmosph\u00e4re voraus. Wir vereinbaren dann zun\u00e4chst einmal f\u00fcr einen [&hellip;]<\/p>\n","protected":false},"author":1,"featured_media":0,"parent":0,"menu_order":0,"comment_status":"closed","ping_status":"closed","template":"","meta":{"ocean_post_layout":"","ocean_both_sidebars_style":"","ocean_both_sidebars_content_width":0,"ocean_both_sidebars_sidebars_width":0,"ocean_sidebar":"0","ocean_second_sidebar":"0","ocean_disable_margins":"enable","ocean_add_body_class":"","ocean_shortcode_before_top_bar":"","ocean_shortcode_after_top_bar":"","ocean_shortcode_before_header":"","ocean_shortcode_after_header":"","ocean_has_shortcode":"","ocean_shortcode_after_title":"","ocean_shortcode_before_footer_widgets":"","ocean_shortcode_after_footer_widgets":"","ocean_shortcode_before_footer_bottom":"","ocean_shortcode_after_footer_bottom":"","ocean_display_top_bar":"default","ocean_display_header":"default","ocean_header_style":"","ocean_center_header_left_menu":"0","ocean_custom_header_template":"0","ocean_custom_logo":0,"ocean_custom_retina_logo":0,"ocean_custom_logo_max_width":0,"ocean_custom_logo_tablet_max_width":0,"ocean_custom_logo_mobile_max_width":0,"ocean_custom_logo_max_height":0,"ocean_custom_logo_tablet_max_height":0,"ocean_custom_logo_mobile_max_height":0,"ocean_header_custom_menu":"0","ocean_menu_typo_font_family":"0","ocean_menu_typo_font_subset":"","ocean_menu_typo_font_size":0,"ocean_menu_typo_font_size_tablet":0,"ocean_menu_typo_font_size_mobile":0,"ocean_menu_typo_font_size_unit":"px","ocean_menu_typo_font_weight":"","ocean_menu_typo_font_weight_tablet":"","ocean_menu_typo_font_weight_mobile":"","ocean_menu_typo_transform":"","ocean_menu_typo_transform_tablet":"","ocean_menu_typo_transform_mobile":"","ocean_menu_typo_line_height":0,"ocean_menu_typo_line_height_tablet":0,"ocean_menu_typo_line_height_mobile":0,"ocean_menu_typo_line_height_unit":"","ocean_menu_typo_spacing":0,"ocean_menu_typo_spacing_tablet":0,"ocean_menu_typo_spacing_mobile":0,"ocean_menu_typo_spacing_unit":"","ocean_menu_link_color":"","ocean_menu_link_color_hover":"","ocean_menu_link_color_active":"","ocean_menu_link_background":"","ocean_menu_link_hover_background":"","ocean_menu_link_active_background":"","ocean_menu_social_links_bg":"","ocean_menu_social_hover_links_bg":"","ocean_menu_social_links_color":"","ocean_menu_social_hover_links_color":"","ocean_disable_title":"default","ocean_disable_heading":"default","ocean_post_title":"","ocean_post_subheading":"","ocean_post_title_style":"","ocean_post_title_background_color":"","ocean_post_title_background":0,"ocean_post_title_bg_image_position":"","ocean_post_title_bg_image_attachment":"","ocean_post_title_bg_image_repeat":"","ocean_post_title_bg_image_size":"","ocean_post_title_height":0,"ocean_post_title_bg_overlay":0.5,"ocean_post_title_bg_overlay_color":"","ocean_disable_breadcrumbs":"default","ocean_breadcrumbs_color":"","ocean_breadcrumbs_separator_color":"","ocean_breadcrumbs_links_color":"","ocean_breadcrumbs_links_hover_color":"","ocean_display_footer_widgets":"default","ocean_display_footer_bottom":"default","ocean_custom_footer_template":"0","footnotes":""},"class_list":["post-17","page","type-page","status-publish","hentry","entry"],"_links":{"self":[{"href":"https:\/\/nachhilfe.meinold.net\/index.php?rest_route=\/wp\/v2\/pages\/17","targetHints":{"allow":["GET"]}}],"collection":[{"href":"https:\/\/nachhilfe.meinold.net\/index.php?rest_route=\/wp\/v2\/pages"}],"about":[{"href":"https:\/\/nachhilfe.meinold.net\/index.php?rest_route=\/wp\/v2\/types\/page"}],"author":[{"embeddable":true,"href":"https:\/\/nachhilfe.meinold.net\/index.php?rest_route=\/wp\/v2\/users\/1"}],"replies":[{"embeddable":true,"href":"https:\/\/nachhilfe.meinold.net\/index.php?rest_route=%2Fwp%2Fv2%2Fcomments&post=17"}],"version-history":[{"count":3,"href":"https:\/\/nachhilfe.meinold.net\/index.php?rest_route=\/wp\/v2\/pages\/17\/revisions"}],"predecessor-version":[{"id":109,"href":"https:\/\/nachhilfe.meinold.net\/index.php?rest_route=\/wp\/v2\/pages\/17\/revisions\/109"}],"wp:attachment":[{"href":"https:\/\/nachhilfe.meinold.net\/index.php?rest_route=%2Fwp%2Fv2%2Fmedia&parent=17"}],"curies":[{"name":"wp","href":"https:\/\/api.w.org\/{rel}","templated":true}]}}