{"id":2,"date":"2021-08-29T13:11:15","date_gmt":"2021-08-29T11:11:15","guid":{"rendered":"https:\/\/nachhilfe.meinold.net\/?page_id=2"},"modified":"2021-09-03T17:10:29","modified_gmt":"2021-09-03T15:10:29","slug":"beispiel-seite","status":"publish","type":"page","link":"https:\/\/nachhilfe.meinold.net\/","title":{"rendered":"Willkommen"},"content":{"rendered":"\n<div class=\"wp-block-columns is-layout-flex wp-container-core-columns-is-layout-9d6595d7 wp-block-columns-is-layout-flex\">\n<div class=\"wp-block-column is-layout-flow wp-block-column-is-layout-flow\">\n<figure class=\"wp-block-image size-full is-resized\"><img loading=\"lazy\" decoding=\"async\" src=\"https:\/\/nachhilfe.meinold.net\/wp-content\/uploads\/2021\/08\/cropped-Passfoto.jpg\" alt=\"\" class=\"wp-image-48\" width=\"326\" height=\"369\" srcset=\"https:\/\/nachhilfe.meinold.net\/wp-content\/uploads\/2021\/08\/cropped-Passfoto.jpg 372w, https:\/\/nachhilfe.meinold.net\/wp-content\/uploads\/2021\/08\/cropped-Passfoto-265x300.jpg 265w\" sizes=\"auto, (max-width: 326px) 100vw, 326px\" \/><\/figure>\n<\/div>\n\n\n\n<div class=\"wp-block-column is-layout-flow wp-block-column-is-layout-flow\">\n<p>Mein Name ist Ralf Meinold. Ich bin im Februar 2020 aus dem aktiven Schuldienst in den Ruhestand gewechselt und habe immer noch Freude an der schulischen Ausbildung junger Menschen. Meine Schwerpunkte liegen in den F\u00e4chern Mathematik und Informatik insbesondere in den gymnasialen Schulformen und der Fachoberschule.<\/p>\n\n\n\n<p>Im Fach <strong>Mathematik<\/strong> biete ich Nachhilfe f\u00fcr die Jahrgangsstufen 5-11 an. Insbesondere der \u00dcbergang in die Oberstufe und die Klasse 11 stellen immer wieder gro\u00dfe Herausforderungen an die Sch\u00fclerinnen und Sch\u00fcler. Vor allem das Thema &#8222;Analysis&#8220; ist bis zum Abitur pr\u00fcfungsrelevant und auch Kernthema der Fachoberschule.<\/p>\n\n\n\n<p>Im Fach Informatik biete ich Nachhilfe bis zum Abitur an. Hier kommen meine Erfahrungen in der beruflichen Praxis und die langj\u00e4hrige Mitwirkung an dem schulischen Curriculum besonders zum Tragen.<\/p>\n\n\n\n<p>Bei Interesse freue ich mich \u00fcber eine Kontaktaufnahme. <\/p>\n<\/div>\n<\/div>\n","protected":false},"excerpt":{"rendered":"<p>Mein Name ist Ralf Meinold. Ich bin im Februar 2020 aus dem aktiven Schuldienst in den Ruhestand gewechselt und habe immer noch Freude an der schulischen Ausbildung junger Menschen. Meine Schwerpunkte liegen in den F\u00e4chern Mathematik und Informatik insbesondere in den gymnasialen Schulformen und der Fachoberschule. Im Fach Mathematik biete ich Nachhilfe f\u00fcr die Jahrgangsstufen [&hellip;]<\/p>\n","protected":false},"author":1,"featured_media":0,"parent":0,"menu_order":0,"comment_status":"closed","ping_status":"open","template":"","meta":{"ocean_post_layout":"","ocean_both_sidebars_style":"","ocean_both_sidebars_content_width":0,"ocean_both_sidebars_sidebars_width":0,"ocean_sidebar":"0","ocean_second_sidebar":"0","ocean_disable_margins":"enable","ocean_add_body_class":"","ocean_shortcode_before_top_bar":"","ocean_shortcode_after_top_bar":"","ocean_shortcode_before_header":"","ocean_shortcode_after_header":"","ocean_has_shortcode":"","ocean_shortcode_after_title":"","ocean_shortcode_before_footer_widgets":"","ocean_shortcode_after_footer_widgets":"","ocean_shortcode_before_footer_bottom":"","ocean_shortcode_after_footer_bottom":"","ocean_display_top_bar":"default","ocean_display_header":"default","ocean_header_style":"","ocean_center_header_left_menu":"0","ocean_custom_header_template":"0","ocean_custom_logo":0,"ocean_custom_retina_logo":0,"ocean_custom_logo_max_width":0,"ocean_custom_logo_tablet_max_width":0,"ocean_custom_logo_mobile_max_width":0,"ocean_custom_logo_max_height":0,"ocean_custom_logo_tablet_max_height":0,"ocean_custom_logo_mobile_max_height":0,"ocean_header_custom_menu":"0","ocean_menu_typo_font_family":"0","ocean_menu_typo_font_subset":"","ocean_menu_typo_font_size":0,"ocean_menu_typo_font_size_tablet":0,"ocean_menu_typo_font_size_mobile":0,"ocean_menu_typo_font_size_unit":"px","ocean_menu_typo_font_weight":"","ocean_menu_typo_font_weight_tablet":"","ocean_menu_typo_font_weight_mobile":"","ocean_menu_typo_transform":"","ocean_menu_typo_transform_tablet":"","ocean_menu_typo_transform_mobile":"","ocean_menu_typo_line_height":0,"ocean_menu_typo_line_height_tablet":0,"ocean_menu_typo_line_height_mobile":0,"ocean_menu_typo_line_height_unit":"","ocean_menu_typo_spacing":0,"ocean_menu_typo_spacing_tablet":0,"ocean_menu_typo_spacing_mobile":0,"ocean_menu_typo_spacing_unit":"","ocean_menu_link_color":"","ocean_menu_link_color_hover":"","ocean_menu_link_color_active":"","ocean_menu_link_background":"","ocean_menu_link_hover_background":"","ocean_menu_link_active_background":"","ocean_menu_social_links_bg":"","ocean_menu_social_hover_links_bg":"","ocean_menu_social_links_color":"","ocean_menu_social_hover_links_color":"","ocean_disable_title":"default","ocean_disable_heading":"default","ocean_post_title":"","ocean_post_subheading":"","ocean_post_title_style":"","ocean_post_title_background_color":"","ocean_post_title_background":0,"ocean_post_title_bg_image_position":"","ocean_post_title_bg_image_attachment":"","ocean_post_title_bg_image_repeat":"","ocean_post_title_bg_image_size":"","ocean_post_title_height":0,"ocean_post_title_bg_overlay":0.5,"ocean_post_title_bg_overlay_color":"","ocean_disable_breadcrumbs":"default","ocean_breadcrumbs_color":"","ocean_breadcrumbs_separator_color":"","ocean_breadcrumbs_links_color":"","ocean_breadcrumbs_links_hover_color":"","ocean_display_footer_widgets":"default","ocean_display_footer_bottom":"default","ocean_custom_footer_template":"0","footnotes":""},"class_list":["post-2","page","type-page","status-publish","hentry","entry"],"_links":{"self":[{"href":"https:\/\/nachhilfe.meinold.net\/index.php?rest_route=\/wp\/v2\/pages\/2","targetHints":{"allow":["GET"]}}],"collection":[{"href":"https:\/\/nachhilfe.meinold.net\/index.php?rest_route=\/wp\/v2\/pages"}],"about":[{"href":"https:\/\/nachhilfe.meinold.net\/index.php?rest_route=\/wp\/v2\/types\/page"}],"author":[{"embeddable":true,"href":"https:\/\/nachhilfe.meinold.net\/index.php?rest_route=\/wp\/v2\/users\/1"}],"replies":[{"embeddable":true,"href":"https:\/\/nachhilfe.meinold.net\/index.php?rest_route=%2Fwp%2Fv2%2Fcomments&post=2"}],"version-history":[{"count":10,"href":"https:\/\/nachhilfe.meinold.net\/index.php?rest_route=\/wp\/v2\/pages\/2\/revisions"}],"predecessor-version":[{"id":108,"href":"https:\/\/nachhilfe.meinold.net\/index.php?rest_route=\/wp\/v2\/pages\/2\/revisions\/108"}],"wp:attachment":[{"href":"https:\/\/nachhilfe.meinold.net\/index.php?rest_route=%2Fwp%2Fv2%2Fmedia&parent=2"}],"curies":[{"name":"wp","href":"https:\/\/api.w.org\/{rel}","templated":true}]}}